{"id":8,"date":"2019-01-23T15:24:11","date_gmt":"2019-01-23T14:24:11","guid":{"rendered":"https:\/\/the7.io\/weed\/?page_id=8"},"modified":"2021-01-02T14:20:35","modified_gmt":"2021-01-02T13:20:35","slug":"natto-c-quoi","status":"publish","type":"page","link":"https:\/\/www.kodomonatto.fr\/index.php\/home\/natto-c-quoi\/","title":{"rendered":"Qu&rsquo;est-ce que le Natto ?"},"content":{"rendered":"<h3>Un aliment typiquement japonais<\/h3>\n<p>Le natto (\u7d0d\u8c46) est une sp\u00e9cialit\u00e9 japonaise pr\u00e9par\u00e9e avec des graines de soja que l&rsquo;on fait fermenter. Connu depuis des centaines d&rsquo;ann\u00e9es, il est consomm\u00e9 quotidiennement par des millions de familles japonaises. Ils mangent g\u00e9n\u00e9ralement le <a href=\"https:\/\/www.kodomonatto.fr\/index.php\/2020\/04\/06\/bol-de-riz-au-natto\/\">natto sur un bol de riz\u00a0<\/a> au moment du petit d\u00e9jeuner. Mais le natto est un aliment qui peux entrer dans un grand nombre de <a href=\"https:\/\/www.kodomonatto.fr\/index.php\/recettes-news\/\">recettes<\/a>.<\/p>\n<p>100% v\u00e9g\u00e9tal et tr\u00e8s riche en prot\u00e9ines, c&rsquo;est aussi la meilleure source naturelle de vitamine K2, de nattokinase et c&rsquo;est un probiotique ! Cela en fait donc un super aliment qui a d\u00e9j\u00e0 \u00e9t\u00e9 le sujet de nombreuses \u00e9tudes dans le monde pour comprendre <a href=\"https:\/\/www.kodomonatto.fr\/index.php\/les-bienfaits-du-natto\/\">les bienfaits qu&rsquo;il procure \u00e0 ceux qui en mangent<\/a>. Sa composition tr\u00e8s simple (soja \u00e0 99,99%), et notre fabrication artisanale, sans aucun additif, en fait un aliment extr\u00eamement sain et assimilable par votre organisme.<\/p>\n<figure>\n\t\t\t\t\t\t\t\t\t\t<img loading=\"lazy\" decoding=\"async\" width=\"300\" height=\"300\" src=\"https:\/\/www.kodomonatto.fr\/wp-content\/uploads\/2020\/04\/boite-japonaise-300x300.jpg\" alt=\"\" srcset=\"https:\/\/www.kodomonatto.fr\/wp-content\/uploads\/2020\/04\/boite-japonaise-300x300.jpg 300w, https:\/\/www.kodomonatto.fr\/wp-content\/uploads\/2020\/04\/boite-japonaise-150x150.jpg 150w, https:\/\/www.kodomonatto.fr\/wp-content\/uploads\/2020\/04\/boite-japonaise-200x200.jpg 200w, https:\/\/www.kodomonatto.fr\/wp-content\/uploads\/2020\/04\/boite-japonaise.jpg 600w\" sizes=\"auto, (max-width: 300px) 100vw, 300px\" \/><figcaption><i>Vendu au Japon par pack de 3 ou 4 portions de 40 \u00e0 50g.<\/i><\/figcaption><\/figure>\n<p>\t\t\t\t\t\t\t\t\t\t<img loading=\"lazy\" decoding=\"async\" width=\"768\" height=\"1244\" src=\"https:\/\/www.kodomonatto.fr\/wp-content\/uploads\/2020\/04\/natto-gluant-moutarde-768x1244.jpg\" alt=\"\" srcset=\"https:\/\/www.kodomonatto.fr\/wp-content\/uploads\/2020\/04\/natto-gluant-moutarde-768x1244.jpg 768w, https:\/\/www.kodomonatto.fr\/wp-content\/uploads\/2020\/04\/natto-gluant-moutarde-185x300.jpg 185w, https:\/\/www.kodomonatto.fr\/wp-content\/uploads\/2020\/04\/natto-gluant-moutarde-632x1024.jpg 632w, https:\/\/www.kodomonatto.fr\/wp-content\/uploads\/2020\/04\/natto-gluant-moutarde-949x1536.jpg 949w, https:\/\/www.kodomonatto.fr\/wp-content\/uploads\/2020\/04\/natto-gluant-moutarde-1265x2048.jpg 1265w, https:\/\/www.kodomonatto.fr\/wp-content\/uploads\/2020\/04\/natto-gluant-moutarde-300x486.jpg 300w, https:\/\/www.kodomonatto.fr\/wp-content\/uploads\/2020\/04\/natto-gluant-moutarde-600x972.jpg 600w, https:\/\/www.kodomonatto.fr\/wp-content\/uploads\/2020\/04\/natto-gluant-moutarde-scaled.jpg 1581w\" sizes=\"auto, (max-width: 768px) 100vw, 768px\" \/>\t\t\t\t\t\t\t\t\t\t\t<\/p>\n<h3>Natto : un gout et une texture uniques<\/h3>\n<p>Le gout et la texture du natto sont tr\u00e8s particuli\u00e8res pour des personnes qui n&rsquo;y ont jamais go\u00fbt\u00e9. Cependant une fois que l&rsquo;on a pass\u00e9 le cap, ceux qui vont aimer ne seront vraiment pas d\u00e9\u00e7us par l&rsquo;exp\u00e9rience et voudrons tr\u00e9s certainement recommencer. Parfois il faudra gouter 2 ou 3 fois, ou bien passer par des recettes qui vont cacher l&rsquo;aspect gluant du natto, ou son odeur.<\/p>\n<p>Son aspect gluant est g\u00e9n\u00e9ralement un sujet d&rsquo;\u00e9pouvante ! C&rsquo;est pourtant \u00e0 \u00e7a que l&rsquo;on va reconna\u00eetre un \u00ab\u00a0bon\u00a0\u00bb natto. Il faut qu&rsquo;il soit le plus gluant possible. C&rsquo;est d&rsquo;ailleurs l\u00e0 qu&rsquo;il y a une tr\u00e8s grande partie de tout ce qu&rsquo;il y a de tr\u00e8s bon pour la sant\u00e9 !<\/p>\n<p>Son odeur peut-\u00eatre assez forte mais l\u00e0 encore c&rsquo;est difficile \u00e0 d\u00e9crire. On pense \u00e0 des choses ferment\u00e9es bien entendu, mais plus on va s&rsquo;habituer et plus on d\u00e9couvrira de nouvelle notes olfactives, un peu \u00e0 l&rsquo;image de bon fromages qui s d\u00e9gustent par le gout mais aussi \u00e0 l&rsquo;odeur.<\/p>\n<p>Enfin le gout ! Il n&rsquo;a rien \u00e0 voir avec l&rsquo;odeur et dans le cas d&rsquo;un natto artisanal, il va \u00e9voluer presque tous les jours en fonction de sa maturation. Plus le natto prend de l&rsquo;age et plus ce gout devient profond et riche de nouveaux ar\u00f4mes.<\/p>\n","protected":false},"excerpt":{"rendered":"<p>Un aliment typiquement japonais Le natto (\u7d0d\u8c46) est une sp\u00e9cialit\u00e9 japonaise pr\u00e9par\u00e9e avec des graines de soja que l&rsquo;on fait fermenter. Connu depuis des centaines d&rsquo;ann\u00e9es, il est consomm\u00e9 quotidiennement par des millions de familles japonaises. Ils mangent g\u00e9n\u00e9ralement le natto sur un bol de riz\u00a0 au moment du petit d\u00e9jeuner. Mais le natto est&hellip;<\/p>\n","protected":false},"author":1,"featured_media":0,"parent":490,"menu_order":15,"comment_status":"closed","ping_status":"closed","template":"","meta":{"footnotes":""},"class_list":["post-8","page","type-page","status-publish","hentry","description-off"],"_links":{"self":[{"href":"https:\/\/www.kodomonatto.fr\/index.php\/wp-json\/wp\/v2\/pages\/8","targetHints":{"allow":["GET"]}}],"collection":[{"href":"https:\/\/www.kodomonatto.fr\/index.php\/wp-json\/wp\/v2\/pages"}],"about":[{"href":"https:\/\/www.kodomonatto.fr\/index.php\/wp-json\/wp\/v2\/types\/page"}],"author":[{"embeddable":true,"href":"https:\/\/www.kodomonatto.fr\/index.php\/wp-json\/wp\/v2\/users\/1"}],"replies":[{"embeddable":true,"href":"https:\/\/www.kodomonatto.fr\/index.php\/wp-json\/wp\/v2\/comments?post=8"}],"version-history":[{"count":11,"href":"https:\/\/www.kodomonatto.fr\/index.php\/wp-json\/wp\/v2\/pages\/8\/revisions"}],"predecessor-version":[{"id":716,"href":"https:\/\/www.kodomonatto.fr\/index.php\/wp-json\/wp\/v2\/pages\/8\/revisions\/716"}],"up":[{"embeddable":true,"href":"https:\/\/www.kodomonatto.fr\/index.php\/wp-json\/wp\/v2\/pages\/490"}],"wp:attachment":[{"href":"https:\/\/www.kodomonatto.fr\/index.php\/wp-json\/wp\/v2\/media?parent=8"}],"curies":[{"name":"wp","href":"https:\/\/api.w.org\/{rel}","templated":true}]}}