{"id":491,"date":"2019-01-23T15:23:57","date_gmt":"2019-01-23T14:23:57","guid":{"rendered":"https:\/\/the7.io\/weed\/?page_id=6"},"modified":"2024-01-18T11:14:31","modified_gmt":"2024-01-18T10:14:31","slug":"commander","status":"publish","type":"page","link":"https:\/\/www.kodomonatto.fr\/index.php\/commander\/","title":{"rendered":"Commander"},"content":{"rendered":"<p>[vc_row][vc_column][vc_column_text css=\u00a0\u00bb.vc_custom_1705572857341{padding-top: 10px !important;padding-right: 10px !important;padding-bottom: 10px !important;padding-left: 10px !important;background-color: #ddbebe !important;border-radius: 1px !important;}\u00a0\u00bb]<span style=\"color: #000000;\"><strong>Nous avons d\u00e9cid\u00e9s de suspendre la production de natto jusqu&rsquo;\u00e0 nouvel ordre.<\/strong><\/span><\/p>\n<p><span style=\"color: #000000;\">Comme nous adorons ce produit et sa fabrication nous n&rsquo;avons pas abandonn\u00e9, mais pour le moment nous n&rsquo;avons les conditions n\u00e9cessaires pour continuer. La production pourrait reprendre dans 2 ou 3 ans.<\/span><\/p>\n<p><span style=\"color: #000000;\">Merci de votre compr\u00e9hension.<\/span>[\/vc_column_text][vc_column_text]Notre natto est fabriqu\u00e9 \u00e0 la demande, il vous faudra donc un peu de patience avant de l&rsquo;avoir \u00e0 disposition (1 \u00e0 2 semaines).<\/p>\n<p><strong>Kodomo Natto est vendu en boite de 250g. Cela correspond \u00e0 5\/6 portions japonaises. <\/strong>Livraison gratuite possible entre Grasse, Antibes et Cannes, Nice, en fonction des quantit\u00e9s.<\/p>\n<p><strong>Nous sommes actuellement en train de travailler avec un partenaire pour vous proposer de la vente par correspondance partout en France d&rsquo;ici quelques semaine !<\/strong>[\/vc_column_text]<style type=\"text\/css\" data-type=\"the7_shortcodes-inline-css\">.icon-with-text-shortcode.icon-text-id-89040aed5f63d50d8fda21dfcd8e027f .text-icon {\n  width: 64px;\n  height: 64px;\n  line-height: 64px;\n  font-size: 64px;\n  border-radius: 200px;\n  margin: 0px 12px 0px 0px;\n}\n.icon-with-text-shortcode.icon-text-id-89040aed5f63d50d8fda21dfcd8e027f .text-icon .icon-inner {\n  min-width: 64px;\n  min-height: 64px;\n  border-radius: 200px;\n}\n@media all and (-ms-high-contrast: none) {\n  .icon-with-text-shortcode.icon-text-id-89040aed5f63d50d8fda21dfcd8e027f .text-icon .icon-inner {\n    height: 64px;\n  }\n}\n.icon-with-text-shortcode.icon-text-id-89040aed5f63d50d8fda21dfcd8e027f .text-icon .dt-hover-icon {\n  line-height: 64px;\n}\n.icon-with-text-shortcode.icon-text-id-89040aed5f63d50d8fda21dfcd8e027f .text-icon:before,\n.icon-with-text-shortcode.icon-text-id-89040aed5f63d50d8fda21dfcd8e027f .text-icon:after,\n.icon-with-text-shortcode.icon-text-id-89040aed5f63d50d8fda21dfcd8e027f .text-icon .icon-inner:before,\n.icon-with-text-shortcode.icon-text-id-89040aed5f63d50d8fda21dfcd8e027f .text-icon .icon-inner:after {\n  min-width: 100%;\n  min-height: 100%;\n  padding: inherit;\n  border-radius: inherit;\n}\n.icon-with-text-shortcode.icon-text-id-89040aed5f63d50d8fda21dfcd8e027f .text-icon.dt-icon-border-on:before {\n  border-width: 12px;\n  border-style: solid;\n}\n.dt-icon-border-dashed.icon-with-text-shortcode.icon-text-id-89040aed5f63d50d8fda21dfcd8e027f .text-icon.dt-icon-border-on:before {\n  border-style: dashed;\n}\n.dt-icon-border-dotted.icon-with-text-shortcode.icon-text-id-89040aed5f63d50d8fda21dfcd8e027f .text-icon.dt-icon-border-on:before {\n  border-style: dotted;\n}\n.dt-icon-border-double.icon-with-text-shortcode.icon-text-id-89040aed5f63d50d8fda21dfcd8e027f .text-icon.dt-icon-border-on:before {\n  border-style: double;\n}\n.icon-with-text-shortcode.icon-text-id-89040aed5f63d50d8fda21dfcd8e027f .text-icon.dt-icon-border-dashed.dt-icon-border-on:before {\n  border-style: dashed;\n}\n.icon-with-text-shortcode.icon-text-id-89040aed5f63d50d8fda21dfcd8e027f .text-icon.dt-icon-border-dotted.dt-icon-border-on:before {\n  border-style: dotted;\n}\n.icon-with-text-shortcode.icon-text-id-89040aed5f63d50d8fda21dfcd8e027f .text-icon.dt-icon-border-double.dt-icon-border-on:before {\n  border-style: double;\n}\n.icon-with-text-shortcode.icon-text-id-89040aed5f63d50d8fda21dfcd8e027f .text-icon.dt-icon-hover-border-on:after {\n  border-width: 12px;\n  border-style: solid;\n}\n.icon-with-text-shortcode.icon-text-id-89040aed5f63d50d8fda21dfcd8e027f .text-icon.dt-icon-border-dashed.dt-icon-hover-border-on:after {\n  border-style: dashed;\n}\n.icon-with-text-shortcode.icon-text-id-89040aed5f63d50d8fda21dfcd8e027f .text-icon.dt-icon-border-dotted.dt-icon-hover-border-on:after {\n  border-style: dotted;\n}\n.icon-with-text-shortcode.icon-text-id-89040aed5f63d50d8fda21dfcd8e027f .text-icon.dt-icon-border-double.dt-icon-hover-border-on:after {\n  border-style: double;\n}\n.icon-with-text-shortcode.icon-text-id-89040aed5f63d50d8fda21dfcd8e027f .text-icon.dt-icon-hover-on:hover {\n  font-size: 64px;\n}\n#page .icon-with-text-shortcode.icon-text-id-89040aed5f63d50d8fda21dfcd8e027f .text-icon.dt-icon-hover-on:hover .soc-font-icon,\n#phantom .icon-with-text-shortcode.icon-text-id-89040aed5f63d50d8fda21dfcd8e027f .text-icon.dt-icon-hover-on:hover .soc-font-icon,\n#page .icon-with-text-shortcode.icon-text-id-89040aed5f63d50d8fda21dfcd8e027f .text-icon.dt-icon-hover-on:hover .soc-icon,\n#phantom .icon-with-text-shortcode.icon-text-id-89040aed5f63d50d8fda21dfcd8e027f .text-icon.dt-icon-hover-on:hover .soc-icon {\n  color: #fff;\n  background: none;\n}\n#page .icon-with-text-shortcode.icon-text-id-89040aed5f63d50d8fda21dfcd8e027f .text-icon.dt-icon-hover-on:not(:hover) .soc-font-icon,\n#phantom .icon-with-text-shortcode.icon-text-id-89040aed5f63d50d8fda21dfcd8e027f .text-icon.dt-icon-hover-on:not(:hover) .soc-font-icon,\n#page .icon-with-text-shortcode.icon-text-id-89040aed5f63d50d8fda21dfcd8e027f .text-icon.dt-icon-hover-on:not(:hover) .soc-icon,\n#phantom .icon-with-text-shortcode.icon-text-id-89040aed5f63d50d8fda21dfcd8e027f .text-icon.dt-icon-hover-on:not(:hover) .soc-icon,\n#page .icon-with-text-shortcode.icon-text-id-89040aed5f63d50d8fda21dfcd8e027f .text-icon.dt-icon-hover-off .soc-font-icon,\n#phantom .icon-with-text-shortcode.icon-text-id-89040aed5f63d50d8fda21dfcd8e027f .text-icon.dt-icon-hover-off .soc-font-icon,\n#page .icon-with-text-shortcode.icon-text-id-89040aed5f63d50d8fda21dfcd8e027f .text-icon.dt-icon-hover-off .soc-icon,\n#phantom .icon-with-text-shortcode.icon-text-id-89040aed5f63d50d8fda21dfcd8e027f .text-icon.dt-icon-hover-off .soc-icon {\n  color: #81d742;\n  background: none;\n}\n.icon-with-text-shortcode.icon-text-id-89040aed5f63d50d8fda21dfcd8e027f.layout-1 {\n  grid-template-columns: 64px minmax(0,1fr);\n  grid-column-gap: 12px;\n}\n.icon-with-text-shortcode.icon-text-id-89040aed5f63d50d8fda21dfcd8e027f.layout-2 {\n  grid-template-columns: minmax(0,1fr) 64px;\n  grid-column-gap: 0px;\n}\n.icon-with-text-shortcode.icon-text-id-89040aed5f63d50d8fda21dfcd8e027f.layout-2 .text-icon {\n  margin-left: 0;\n}\n.icon-with-text-shortcode.icon-text-id-89040aed5f63d50d8fda21dfcd8e027f.layout-3 {\n  grid-template-columns: 64px minmax(0,1fr);\n}\n.icon-with-text-shortcode.icon-text-id-89040aed5f63d50d8fda21dfcd8e027f.layout-3 .dt-text-title {\n  margin-left: 12px;\n}\n.icon-with-text-shortcode.icon-text-id-89040aed5f63d50d8fda21dfcd8e027f .dt-text-title,\n.icon-with-text-shortcode.icon-text-id-89040aed5f63d50d8fda21dfcd8e027f .dt-text-title a {\n  line-height: 60px;\n  font-weight: bold;\n}\n.icon-with-text-shortcode.icon-text-id-89040aed5f63d50d8fda21dfcd8e027f .dt-text-title {\n  margin-bottom: 0px;\n}\n.icon-with-text-shortcode.icon-text-id-89040aed5f63d50d8fda21dfcd8e027f .dt-text-desc {\n  margin-bottom: 0px;\n}\n<\/style><div class=\"icon-with-text-shortcode  icon-text-id-89040aed5f63d50d8fda21dfcd8e027f layout-1 \" ><span   class=\"text-icon dt-icon-bg-on dt-icon-hover-off\" ><span class=\"icon-inner\"><i class=\"dt-regular-icon soc-icon icomoon-the7-font-the7-phone-041\"><\/i><i class=\"dt-hover-icon soc-icon icomoon-the7-font-the7-phone-041\"><\/i><\/span><\/span><h4 class=\"dt-text-title\"  >Plus de commande possible pour le moment.<\/h4><\/div>[\/vc_column][\/vc_row]<\/p>\n","protected":false},"excerpt":{"rendered":"<p>[vc_row][vc_column][vc_column_text css=\u00a0\u00bb.vc_custom_1705572857341{padding-top: 10px !important;padding-right: 10px !important;padding-bottom: 10px !important;padding-left: 10px !important;background-color: #ddbebe !important;border-radius: 1px !important;}\u00a0\u00bb]Nous avons d\u00e9cid\u00e9s de suspendre la production de natto jusqu&rsquo;\u00e0 nouvel ordre. Comme nous adorons ce produit et sa fabrication nous n&rsquo;avons pas abandonn\u00e9, mais pour le moment nous n&rsquo;avons les conditions n\u00e9cessaires pour continuer. La production pourrait reprendre dans 2 ou&hellip;<\/p>\n","protected":false},"author":1,"featured_media":0,"parent":0,"menu_order":20,"comment_status":"closed","ping_status":"closed","template":"","meta":{"footnotes":""},"class_list":["post-491","page","type-page","status-publish","hentry","description-off"],"_links":{"self":[{"href":"https:\/\/www.kodomonatto.fr\/index.php\/wp-json\/wp\/v2\/pages\/491","targetHints":{"allow":["GET"]}}],"collection":[{"href":"https:\/\/www.kodomonatto.fr\/index.php\/wp-json\/wp\/v2\/pages"}],"about":[{"href":"https:\/\/www.kodomonatto.fr\/index.php\/wp-json\/wp\/v2\/types\/page"}],"author":[{"embeddable":true,"href":"https:\/\/www.kodomonatto.fr\/index.php\/wp-json\/wp\/v2\/users\/1"}],"replies":[{"embeddable":true,"href":"https:\/\/www.kodomonatto.fr\/index.php\/wp-json\/wp\/v2\/comments?post=491"}],"version-history":[{"count":11,"href":"https:\/\/www.kodomonatto.fr\/index.php\/wp-json\/wp\/v2\/pages\/491\/revisions"}],"predecessor-version":[{"id":811,"href":"https:\/\/www.kodomonatto.fr\/index.php\/wp-json\/wp\/v2\/pages\/491\/revisions\/811"}],"wp:attachment":[{"href":"https:\/\/www.kodomonatto.fr\/index.php\/wp-json\/wp\/v2\/media?parent=491"}],"curies":[{"name":"wp","href":"https:\/\/api.w.org\/{rel}","templated":true}]}}