{"id":16,"date":"2019-01-23T15:27:06","date_gmt":"2019-01-23T15:27:06","guid":{"rendered":"https:\/\/the7.io\/weed\/?page_id=16"},"modified":"2021-01-02T14:20:35","modified_gmt":"2021-01-02T13:20:35","slug":"recettes-news","status":"publish","type":"page","link":"https:\/\/www.kodomonatto.fr\/index.php\/recettes-news\/","title":{"rendered":"Recettes &#038; News"},"content":{"rendered":"<p>[vc_row][vc_column]<style type=\"text\/css\" data-type=\"the7_shortcodes-inline-css\">.blog-shortcode.blog-masonry-shortcode-id-7e823f13807440dfd7a84384a7a99022.dividers-on.classic-layout-list article {\n  padding-top: 0;\n}\n.blog-shortcode.blog-masonry-shortcode-id-7e823f13807440dfd7a84384a7a99022.dividers-on.classic-layout-list article:first-of-type {\n  margin-top: 0;\n  padding-top: 0;\n}\n.blog-shortcode.blog-masonry-shortcode-id-7e823f13807440dfd7a84384a7a99022.classic-layout-list.mode-list .post-entry-content {\n  width: calc(100% - );\n}\n.blog-shortcode.blog-masonry-shortcode-id-7e823f13807440dfd7a84384a7a99022.classic-layout-list.mode-list .no-img .post-entry-content {\n  width: 100%;\n}\n.blog-shortcode.blog-masonry-shortcode-id-7e823f13807440dfd7a84384a7a99022 .filter-bg-decoration .filter-categories a.act {\n  color: #fff;\n}\n.blog-shortcode.blog-masonry-shortcode-id-7e823f13807440dfd7a84384a7a99022:not(.mode-masonry) article:first-of-type,\n.blog-shortcode.blog-masonry-shortcode-id-7e823f13807440dfd7a84384a7a99022:not(.mode-masonry) article.visible.first:not(.product) {\n  margin-top: 0;\n}\n.blog-shortcode.blog-masonry-shortcode-id-7e823f13807440dfd7a84384a7a99022.dividers-on:not(.mode-masonry) article {\n  margin-top: 0;\n}\n.blog-shortcode.blog-masonry-shortcode-id-7e823f13807440dfd7a84384a7a99022.dividers-on:not(.mode-masonry) article:first-of-type,\n.blog-shortcode.blog-masonry-shortcode-id-7e823f13807440dfd7a84384a7a99022.dividers-on:not(.mode-masonry) article.visible.first:not(.product) {\n  margin-top: 0;\n  padding-top: 0;\n}\n.blog-shortcode.blog-masonry-shortcode-id-7e823f13807440dfd7a84384a7a99022 .post-thumbnail-wrap {\n  padding: 0px 0px 0px 0px;\n}\n.blog-shortcode.blog-masonry-shortcode-id-7e823f13807440dfd7a84384a7a99022.enable-bg-rollover .post-thumbnail-rollover:after {\n  background: -webkit-linear-gradient();\n  background: linear-gradient();\n}\n.blog-shortcode.blog-masonry-shortcode-id-7e823f13807440dfd7a84384a7a99022 .gallery-zoom-ico {\n  width: 44px;\n  height: 44px;\n  line-height: 44px;\n  border-radius: 100px;\n  margin: -22px 0 0 -22px;\n  border-width: 0px;\n  color: #ffffff;\n}\n.bottom-overlap-layout-list.blog-shortcode.blog-masonry-shortcode-id-7e823f13807440dfd7a84384a7a99022 .gallery-zoom-ico {\n  margin-top: -72px;\n}\n.gradient-overlay-layout-list.blog-shortcode.blog-masonry-shortcode-id-7e823f13807440dfd7a84384a7a99022 .gallery-zoom-ico,\n.content-rollover-layout-list.blog-shortcode.blog-masonry-shortcode-id-7e823f13807440dfd7a84384a7a99022 .gallery-zoom-ico {\n  margin: 0 0 10px;\n}\n.content-align-center.gradient-overlay-layout-list.blog-shortcode.blog-masonry-shortcode-id-7e823f13807440dfd7a84384a7a99022 .gallery-zoom-ico,\n.content-align-center.content-rollover-layout-list.blog-shortcode.blog-masonry-shortcode-id-7e823f13807440dfd7a84384a7a99022 .gallery-zoom-ico {\n  margin: 0 auto 10px;\n}\n.dt-icon-bg-on.blog-shortcode.blog-masonry-shortcode-id-7e823f13807440dfd7a84384a7a99022 .gallery-zoom-ico {\n  background: rgba(255,255,255,0.3);\n  box-shadow: none;\n}\n.blog-shortcode.blog-masonry-shortcode-id-7e823f13807440dfd7a84384a7a99022 .gallery-zoom-ico > span,\n.blog-shortcode.blog-masonry-shortcode-id-7e823f13807440dfd7a84384a7a99022 .gallery-zoom-ico:before {\n  font-size: 32px;\n  line-height: 44px;\n}\n.blog-shortcode.blog-masonry-shortcode-id-7e823f13807440dfd7a84384a7a99022 .gallery-zoom-ico > span,\n.blog-shortcode.blog-masonry-shortcode-id-7e823f13807440dfd7a84384a7a99022 .gallery-zoom-ico:before {\n  color: #ffffff;\n}\n.blog-shortcode.blog-masonry-shortcode-id-7e823f13807440dfd7a84384a7a99022 .entry-title,\n.blog-shortcode.blog-masonry-shortcode-id-7e823f13807440dfd7a84384a7a99022.owl-carousel .entry-title {\n  margin-bottom: 10px;\n  font-weight: bold;\n}\n.blog-shortcode.blog-masonry-shortcode-id-7e823f13807440dfd7a84384a7a99022 .entry-meta {\n  margin-bottom: 15px;\n}\n.blog-shortcode.blog-masonry-shortcode-id-7e823f13807440dfd7a84384a7a99022 .portfolio-categories {\n  margin-bottom: 15px;\n}\n.blog-shortcode.blog-masonry-shortcode-id-7e823f13807440dfd7a84384a7a99022 .entry-excerpt {\n  margin-bottom: 5px;\n}\n.blog-shortcode.blog-masonry-shortcode-id-7e823f13807440dfd7a84384a7a99022:not(.centered-layout-list) .post-entry-content {\n  padding: 25px 30px 30px 30px;\n}\n.blog-shortcode.blog-masonry-shortcode-id-7e823f13807440dfd7a84384a7a99022:not(.centered-layout-list):not(.content-bg-on):not(.mode-list) .no-img .post-entry-content {\n  padding: 0;\n}\n@media screen and (max-width: ) {\n  .blog-shortcode.blog-masonry-shortcode-id-7e823f13807440dfd7a84384a7a99022 article {\n    -ms-flex-flow: column nowrap;\n    flex-flow: column nowrap;\n    margin-top: 20px;\n  }\n  .blog-shortcode.blog-masonry-shortcode-id-7e823f13807440dfd7a84384a7a99022.dividers-on article {\n    border: none;\n  }\n  .blog-shortcode.blog-masonry-shortcode-id-7e823f13807440dfd7a84384a7a99022.content-bg-on.centered-layout-list article {\n    padding: 0;\n  }\n  .blog-shortcode.blog-masonry-shortcode-id-7e823f13807440dfd7a84384a7a99022.blog-shortcode.dividers-on article,\n  .blog-shortcode.blog-masonry-shortcode-id-7e823f13807440dfd7a84384a7a99022.dividers-on.classic-layout-list article {\n    margin-top: 20px;\n    padding: 0;\n  }\n  .blog-shortcode.blog-masonry-shortcode-id-7e823f13807440dfd7a84384a7a99022.blog-shortcode.dividers-on article:first-of-type,\n  .blog-shortcode.blog-masonry-shortcode-id-7e823f13807440dfd7a84384a7a99022.dividers-on.classic-layout-list article:first-of-type {\n    padding: 0;\n  }\n  #page .blog-shortcode.blog-masonry-shortcode-id-7e823f13807440dfd7a84384a7a99022 .post-thumbnail-wrap,\n  #page .blog-shortcode.blog-masonry-shortcode-id-7e823f13807440dfd7a84384a7a99022 .post-entry-content {\n    width: 100%;\n    margin: 0;\n    top: 0;\n  }\n  #page .blog-shortcode.blog-masonry-shortcode-id-7e823f13807440dfd7a84384a7a99022 .post-thumbnail-wrap {\n    padding: 0;\n  }\n  #page .blog-shortcode.blog-masonry-shortcode-id-7e823f13807440dfd7a84384a7a99022 .post-entry-content:after {\n    display: none;\n  }\n  #page .blog-shortcode.blog-masonry-shortcode-id-7e823f13807440dfd7a84384a7a99022 .project-even .post-thumbnail-wrap,\n  #page .blog-shortcode.blog-masonry-shortcode-id-7e823f13807440dfd7a84384a7a99022.centered-layout-list .post-thumbnail-wrap {\n    -ms-flex-order: 0;\n    order: 0;\n  }\n  #page .blog-shortcode.blog-masonry-shortcode-id-7e823f13807440dfd7a84384a7a99022.centered-layout-list .post-entry-title-content {\n    -ms-flex-order: 1;\n    order: 1;\n    width: 100%;\n    padding: 20px 20px 0;\n  }\n  #page .blog-shortcode.blog-masonry-shortcode-id-7e823f13807440dfd7a84384a7a99022.centered-layout-list .post-entry-content {\n    -ms-flex-order: 2;\n    order: 2;\n    padding-top: 0;\n  }\n  #page .blog-shortcode.blog-masonry-shortcode-id-7e823f13807440dfd7a84384a7a99022 .fancy-categories {\n    top: 10px;\n    left: 10px;\n    bottom: auto;\n    right: auto;\n  }\n  #page .blog-shortcode.blog-masonry-shortcode-id-7e823f13807440dfd7a84384a7a99022 .fancy-date a {\n    top: 10px;\n    right: 10px;\n    left: auto;\n    bottom: auto;\n  }\n  #page .blog-shortcode.blog-masonry-shortcode-id-7e823f13807440dfd7a84384a7a99022 .post-entry-content {\n    padding: 20px;\n  }\n  #page .blog-shortcode.blog-masonry-shortcode-id-7e823f13807440dfd7a84384a7a99022 .entry-title {\n    margin: 3px 0 5px;\n    font-size: 20px;\n    line-height: 26px;\n  }\n  #page .blog-shortcode.blog-masonry-shortcode-id-7e823f13807440dfd7a84384a7a99022 .entry-meta {\n    margin: 5px 0 5px;\n  }\n  #page .blog-shortcode.blog-masonry-shortcode-id-7e823f13807440dfd7a84384a7a99022 .entry-excerpt {\n    margin: 15px 0 0;\n  }\n  #page .blog-shortcode.blog-masonry-shortcode-id-7e823f13807440dfd7a84384a7a99022 .post-details {\n    margin: 5px 0 10px;\n  }\n  #page .blog-shortcode.blog-masonry-shortcode-id-7e823f13807440dfd7a84384a7a99022 .post-details.details-type-link {\n    margin-bottom: 2px;\n  }\n}\n<\/style><div class=\"blog-shortcode blog-masonry-shortcode-id-7e823f13807440dfd7a84384a7a99022 mode-masonry classic-layout-list content-bg-on jquery-filter circle-fancy-style scale-img meta-info-off dt-icon-bg-off resize-by-browser-width loading-effect-none description-under-image \" data-padding=\"15px\" data-cur-page=\"1\" data-post-limit=\"12\" data-pagination-mode=\"load-more\" data-desktop-columns-num=\"4\" data-v-tablet-columns-num=\"2\" data-h-tablet-columns-num=\"3\" data-phone-columns-num=\"1\" data-width=\"0px\" data-columns=\"0\"><div class=\"iso-filter filter\"><div class=\"filter-extras\"><div class=\"filter-by\"><a href=\"https:\/\/www.kodomonatto.fr\/index.php\/recettes-news\/?orderby=date&#038;order=desc\" class=\"sort-by-date act\" data-by=\"date\"><svg version=\"1.1\" id=\"Layer_1\" xmlns=\"http:\/\/www.w3.org\/2000\/svg\" xmlns:xlink=\"http:\/\/www.w3.org\/1999\/xlink\" x=\"0px\" y=\"0px\" viewBox=\"0 0 16 16\" style=\"enable-background:new 0 0 16 16;\" xml:space=\"preserve\"><path d=\"M11,6.5C11,6.2,11.2,6,11.5,6h1C12.8,6,13,6.2,13,6.5v1C13,7.8,12.8,8,12.5,8h-1C11.2,8,11,7.8,11,7.5V6.5z M8,6.5C8,6.2,8.2,6,8.5,6h1C9.8,6,10,6.2,10,6.5v1C10,7.8,9.8,8,9.5,8h-1C8.2,8,8,7.8,8,7.5V6.5z M3,9.5C3,9.2,3.2,9,3.5,9h1C4.8,9,5,9.2,5,9.5v1C5,10.8,4.8,11,4.5,11h-1C3.2,11,3,10.8,3,10.5V9.5z M6,9.5C6,9.2,6.2,9,6.5,9h1C7.8,9,8,9.2,8,9.5v1C8,10.8,7.8,11,7.5,11h-1C6.2,11,6,10.8,6,10.5V9.5z\"\/><path d=\"M3.5,0C3.8,0,4,0.2,4,0.5V1h8V0.5C12,0.2,12.2,0,12.5,0S13,0.2,13,0.5V1h1c1.1,0,2,0.9,2,2v11c0,1.1-0.9,2-2,2H2c-1.1,0-2-0.9-2-2V3c0-1.1,0.9-2,2-2h1V0.5C3,0.2,3.2,0,3.5,0z M1,4v10c0,0.6,0.4,1,1,1h12c0.6,0,1-0.4,1-1V4H1z\"\/><\/svg><span class=\"filter-popup\">Trier par date<\/span><\/a><span class=\"filter-switch\"><\/span><a href=\"https:\/\/www.kodomonatto.fr\/index.php\/recettes-news\/?orderby=name&#038;order=desc\" class=\"sort-by-name\" data-by=\"name\"><svg version=\"1.1\" id=\"Layer_1\" xmlns=\"http:\/\/www.w3.org\/2000\/svg\" xmlns:xlink=\"http:\/\/www.w3.org\/1999\/xlink\" x=\"0px\" y=\"0px\" viewBox=\"0 0 16 16\" style=\"enable-background:new 0 0 16 16;\" xml:space=\"preserve\"><path d=\"M2.2,13.1l0.9-2.8h3.5l0.9,2.8h1.3L5.5,3.8H4.3L1,13.1H2.2z M4.9,5.2l1.4,4.2H3.5L4.9,5.2C4.9,5.2,4.9,5.2,4.9,5.2z\"\/><g><path d=\"M10,12.4l2.8-3.6c0.3-0.3,0.5-0.6,0.8-1v0h-3.3V6.9h4.7l0,0.7l-2.7,3.6c-0.3,0.3-0.5,0.6-0.8,1v0H15v0.9h-5V12.4z\"\/><\/g><\/svg><span class=\"filter-popup\">Trier par nom<\/span><\/a><\/div><div class=\"filter-sorting\"><a href=\"https:\/\/www.kodomonatto.fr\/index.php\/recettes-news\/?orderby=date&#038;order=desc\" class=\"sort-by-desc act\" data-sort=\"desc\"><svg version=\"1.1\" id=\"Layer_1\" xmlns=\"http:\/\/www.w3.org\/2000\/svg\" xmlns:xlink=\"http:\/\/www.w3.org\/1999\/xlink\" x=\"0px\" y=\"0px\"viewBox=\"0 0 16 16\" style=\"enable-background:new 0 0 16 16;\" xml:space=\"preserve\"><path d=\"M3.5,2.5C3.5,2.2,3.3,2,3,2S2.5,2.2,2.5,2.5v8.8l-1.1-1.1c-0.2-0.2-0.5-0.2-0.7,0s-0.2,0.5,0,0.7l0,0l2,2l0,0c0.2,0.2,0.5,0.2,0.7,0l2-2c0.2-0.2,0.2-0.5,0-0.7c-0.2-0.2-0.5-0.2-0.7,0l-1.1,1.1V2.5z M7,3.5C7,3.2,7.2,3,7.5,3h7C14.8,3,15,3.2,15,3.5S14.8,4,14.5,4h-7C7.2,4,7,3.8,7,3.5z M7.5,6C7.2,6,7,6.2,7,6.5S7.2,7,7.5,7h5C12.8,7,13,6.8,13,6.5S12.8,6,12.5,6H7.5z M7.5,9C7.2,9,7,9.2,7,9.5S7.2,10,7.5,10h3c0.3,0,0.5-0.2,0.5-0.5S10.8,9,10.5,9H7.5z M7.5,12C7.2,12,7,12.2,7,12.5S7.2,13,7.5,13h1C8.8,13,9,12.8,9,12.5S8.8,12,8.5,12H7.5z\"\/><\/svg><span class=\"filter-popup\">Descendant <\/span><\/a><span class=\"filter-switch\"><\/span><a href=\"https:\/\/www.kodomonatto.fr\/index.php\/recettes-news\/?orderby=date&#038;order=asc\" class=\"sort-by-asc\" data-sort=\"asc\"><svg version=\"1.1\" id=\"Layer_1\" xmlns=\"http:\/\/www.w3.org\/2000\/svg\" xmlns:xlink=\"http:\/\/www.w3.org\/1999\/xlink\" x=\"0px\" y=\"0px\" viewBox=\"0 0 16 16\" style=\"enable-background:new 0 0 16 16;\" xml:space=\"preserve\"><path d=\"M3.5,12.5C3.5,12.8,3.3,13,3,13s-0.5-0.2-0.5-0.5V3.7L1.4,4.9C1.2,5,0.8,5,0.6,4.9s-0.2-0.5,0-0.7l2-2l0,0C2.8,2,3.2,2,3.4,2.1l2,2c0.2,0.2,0.2,0.5,0,0.7S4.8,5,4.6,4.9L3.5,3.7V12.5z M7,3.5C7,3.2,7.2,3,7.5,3h7C14.8,3,15,3.2,15,3.5S14.8,4,14.5,4h-7C7.2,4,7,3.8,7,3.5z M7.5,6C7.2,6,7,6.2,7,6.5S7.2,7,7.5,7h5C12.8,7,13,6.8,13,6.5S12.8,6,12.5,6H7.5z M7.5,9C7.2,9,7,9.2,7,9.5S7.2,10,7.5,10h3c0.3,0,0.5-0.2,0.5-0.5S10.8,9,10.5,9H7.5z M7.5,12C7.2,12,7,12.2,7,12.5S7.2,13,7.5,13h1C8.8,13,9,12.8,9,12.5S8.8,12,8.5,12H7.5z\"\/><\/svg><span class=\"filter-popup\">Ascendant<\/span><\/a><\/div><\/div><\/div><div class=\"iso-container\" ><div class=\"visible wf-cell iso-item category-50\" data-post-id=\"668\" data-date=\"2020-04-06T12:02:32+02:00\" data-name=\"Choisir et cuire du riz \u00e0 la casserole\"><article class=\"post project-odd visible post-668 type-post status-publish format-standard has-post-thumbnail hentry category-recettes-de-natto tag-recettes-natto category-50\" data-name=\"Choisir et cuire du riz \u00e0 la casserole\" data-date=\"2020-04-06T12:02:32+02:00\">\n\n<div class=\"post-thumbnail-wrap\">\n\t<div class=\"post-thumbnail\">\n\t\t\n\t\t<span class=\"fancy-categories\"><a href=\"https:\/\/www.kodomonatto.fr\/index.php\/category\/recettes-de-natto\/\" rel=\"category tag\" style=\"background-color:#;color:#;\">Recettes de Natto<\/a><\/span>\n\t\t<a href=\"https:\/\/www.kodomonatto.fr\/index.php\/2020\/04\/06\/choisir-et-cuire-du-riz-a-la-casserole\/\" class=\"post-thumbnail-rollover layzr-bg layzr-bg\" ><img fetchpriority=\"high\" decoding=\"async\" class=\"iso-lazy-load preload-me iso-lazy-load aspect\" src=\"data:image\/svg+xml,%3Csvg%20xmlns%3D&#39;http%3A%2F%2Fwww.w3.org%2F2000%2Fsvg&#39;%20viewBox%3D&#39;0%200%20768%20512&#39;%2F%3E\" data-src=\"https:\/\/www.kodomonatto.fr\/wp-content\/uploads\/2020\/04\/cuisson-riz-scaled-768x512.jpg\" data-srcset=\"https:\/\/www.kodomonatto.fr\/wp-content\/uploads\/2020\/04\/cuisson-riz-scaled-768x512.jpg 768w, https:\/\/www.kodomonatto.fr\/wp-content\/uploads\/2020\/04\/cuisson-riz-scaled-1152x768.jpg 1152w\" loading=\"eager\" style=\"--ratio: 768 \/ 512\" sizes=\"(max-width: 768px) 100vw, 768px\" alt=\"Chaudron traditionnel cor\u00e9en pour la cuisson du riz\" title=\"Cuisson traditionelle\" width=\"768\" height=\"512\"  \/><\/a>\t<\/div>\n<\/div>\n\n\n<div class=\"post-entry-content\">\n\n\t<h3 class=\"entry-title\">\n\t\t<a href=\"https:\/\/www.kodomonatto.fr\/index.php\/2020\/04\/06\/choisir-et-cuire-du-riz-a-la-casserole\/\" title=\"Choisir et cuire du riz \u00e0 la casserole\" rel=\"bookmark\">Choisir et cuire du riz \u00e0 la casserole<\/a>\n\t<\/h3>\n\n\t\n\t<div class=\"entry-excerpt\"><p>M\u00eame si le natto s&rsquo;adapte tr\u00e8s bien avec tout, je pense qu&rsquo;il y a quand m\u00eame des riz beaucoup plus adapt\u00e9s au natto que d&rsquo;autres. Pour cela je vous conseille d&rsquo;accompagner vos plats \u00e0 base de natto avec : soit des riz tha\u00eflandais, qui sont g\u00e9n\u00e9ralement parfum\u00e9s et vont \u00eatre l\u00e9g\u00e8rement collant (ne confondez pas&hellip;<\/p>\n<\/div>\n\t\n<a href=\"https:\/\/www.kodomonatto.fr\/index.php\/2020\/04\/06\/choisir-et-cuire-du-riz-a-la-casserole\/\" class=\"post-details details-type-link\" aria-label=\"Read more about Choisir et cuire du riz \u00e0 la casserole\">Lire la suite<i class=\"dt-icon-the7-arrow-03\" aria-hidden=\"true\"><\/i><\/a>\n\n<\/div><\/article><\/div><div class=\"visible wf-cell iso-item category-50\" data-post-id=\"665\" data-date=\"2020-04-06T11:14:32+02:00\" data-name=\"Bol de riz au natto - recette traditionnelle\"><article class=\"post project-odd visible post-665 type-post status-publish format-standard has-post-thumbnail hentry category-recettes-de-natto tag-recettes-natto category-50\" data-name=\"Bol de riz au natto &#8211; recette traditionnelle\" data-date=\"2020-04-06T11:14:32+02:00\">\n\n<div class=\"post-thumbnail-wrap\">\n\t<div class=\"post-thumbnail\">\n\t\t\n\t\t<span class=\"fancy-categories\"><a href=\"https:\/\/www.kodomonatto.fr\/index.php\/category\/recettes-de-natto\/\" rel=\"category tag\" style=\"background-color:#;color:#;\">Recettes de Natto<\/a><\/span>\n\t\t<a href=\"https:\/\/www.kodomonatto.fr\/index.php\/2020\/04\/06\/bol-de-riz-au-natto\/\" class=\"post-thumbnail-rollover layzr-bg layzr-bg\" ><img decoding=\"async\" class=\"iso-lazy-load preload-me iso-lazy-load aspect\" src=\"data:image\/svg+xml,%3Csvg%20xmlns%3D&#39;http%3A%2F%2Fwww.w3.org%2F2000%2Fsvg&#39;%20viewBox%3D&#39;0%200%20768%201259&#39;%2F%3E\" data-src=\"https:\/\/www.kodomonatto.fr\/wp-content\/uploads\/2020\/04\/riz-natto-scaled-768x1259.jpg\" data-srcset=\"https:\/\/www.kodomonatto.fr\/wp-content\/uploads\/2020\/04\/riz-natto-scaled-768x1259.jpg 768w, https:\/\/www.kodomonatto.fr\/wp-content\/uploads\/2020\/04\/riz-natto-scaled-1152x1889.jpg 1152w\" loading=\"eager\" style=\"--ratio: 768 \/ 1259\" sizes=\"(max-width: 768px) 100vw, 768px\" alt=\"\" title=\"Natto sur du riz\" width=\"768\" height=\"1259\"  \/><\/a>\t<\/div>\n<\/div>\n\n\n<div class=\"post-entry-content\">\n\n\t<h3 class=\"entry-title\">\n\t\t<a href=\"https:\/\/www.kodomonatto.fr\/index.php\/2020\/04\/06\/bol-de-riz-au-natto\/\" title=\"Bol de riz au natto &#8211; recette traditionnelle\" rel=\"bookmark\">Bol de riz au natto &#8211; recette traditionnelle<\/a>\n\t<\/h3>\n\n\t\n\t<div class=\"entry-excerpt\"><p>Il y a 1001 mani\u00e8re de pr\u00e9parer du natto, mais on va commencer par la plus simple et aussi la plus traditionnelle, celle utilis\u00e9e par la plupart des japonais qui mangent du natto le matin au petit d\u00e9jeuner. Oui, le matin au Japon pas du sucre mais un vrai repas \u00e0 base de riz, soupe&hellip;<\/p>\n<\/div>\n\t\n<a href=\"https:\/\/www.kodomonatto.fr\/index.php\/2020\/04\/06\/bol-de-riz-au-natto\/\" class=\"post-details details-type-link\" aria-label=\"Read more about Bol de riz au natto &#8211; recette traditionnelle\">Lire la suite<i class=\"dt-icon-the7-arrow-03\" aria-hidden=\"true\"><\/i><\/a>\n\n<\/div><\/article><\/div><\/div><!-- iso-container|iso-grid --><div class=\"paginator paginator-more-button\">\n\t\t\t\t<a class=\"button-load-more \" href=\"javascript:void(0);\" data-dt-page=\"1\" ><span class=\"stick\"><\/span><span class=\"stick\"><\/span><span class=\"stick\"><\/span><span class=\"button-caption\">Charger la suite<\/span><\/a>\n\t\t\t<\/div><\/div>[\/vc_column][\/vc_row]<\/p>\n","protected":false},"excerpt":{"rendered":"<p>[vc_row][vc_column][\/vc_column][\/vc_row]<\/p>\n","protected":false},"author":1,"featured_media":0,"parent":0,"menu_order":40,"comment_status":"closed","ping_status":"closed","template":"","meta":{"footnotes":""},"class_list":["post-16","page","type-page","status-publish","hentry","description-off"],"_links":{"self":[{"href":"https:\/\/www.kodomonatto.fr\/index.php\/wp-json\/wp\/v2\/pages\/16","targetHints":{"allow":["GET"]}}],"collection":[{"href":"https:\/\/www.kodomonatto.fr\/index.php\/wp-json\/wp\/v2\/pages"}],"about":[{"href":"https:\/\/www.kodomonatto.fr\/index.php\/wp-json\/wp\/v2\/types\/page"}],"author":[{"embeddable":true,"href":"https:\/\/www.kodomonatto.fr\/index.php\/wp-json\/wp\/v2\/users\/1"}],"replies":[{"embeddable":true,"href":"https:\/\/www.kodomonatto.fr\/index.php\/wp-json\/wp\/v2\/comments?post=16"}],"version-history":[{"count":1,"href":"https:\/\/www.kodomonatto.fr\/index.php\/wp-json\/wp\/v2\/pages\/16\/revisions"}],"predecessor-version":[{"id":644,"href":"https:\/\/www.kodomonatto.fr\/index.php\/wp-json\/wp\/v2\/pages\/16\/revisions\/644"}],"wp:attachment":[{"href":"https:\/\/www.kodomonatto.fr\/index.php\/wp-json\/wp\/v2\/media?parent=16"}],"curies":[{"name":"wp","href":"https:\/\/api.w.org\/{rel}","templated":true}]}}